{"id":7086,"date":"2025-12-30T07:57:55","date_gmt":"2025-12-30T07:57:55","guid":{"rendered":"https:\/\/zpu.pl\/?page_id=7086"},"modified":"2025-12-30T08:00:23","modified_gmt":"2025-12-30T08:00:23","slug":"ue","status":"publish","type":"page","link":"https:\/\/zpu.pl\/index.php\/ue\/","title":{"rendered":"UE"},"content":{"rendered":"\t\t<div data-elementor-type=\"wp-page\" data-elementor-id=\"7086\" class=\"elementor elementor-7086\">\n\t\t\t\t\t\t<section class=\"elementor-section elementor-top-section elementor-element elementor-element-5a29a0d elementor-section-boxed elementor-section-height-default elementor-section-height-default\" data-id=\"5a29a0d\" data-element_type=\"section\" data-e-type=\"section\">\n\t\t\t\t\t\t<div class=\"elementor-container elementor-column-gap-default\">\n\t\t\t\t\t<div class=\"elementor-column elementor-col-100 elementor-top-column elementor-element elementor-element-d6e387c\" data-id=\"d6e387c\" data-element_type=\"column\" data-e-type=\"column\">\n\t\t\t<div class=\"elementor-widget-wrap elementor-element-populated\">\n\t\t\t\t\t\t<div class=\"elementor-element elementor-element-5aab1a0 elementor-invisible elementor-widget elementor-widget-image\" data-id=\"5aab1a0\" data-element_type=\"widget\" data-e-type=\"widget\" data-settings=\"{&quot;_animation&quot;:&quot;zoomIn&quot;}\" data-widget_type=\"image.default\">\n\t\t\t\t<div class=\"elementor-widget-container\">\n\t\t\t\t\t\t\t\t\t\t\t\t\t\t\t<img fetchpriority=\"high\" decoding=\"async\" width=\"800\" height=\"685\" src=\"https:\/\/zpu.pl\/wp-content\/uploads\/2025\/12\/Zaklad-Produkcyjno-Uslugowy-Kazimierz-Jonca-Spolka-z-ograniczona-odpowiedzialnoscia-uzyskala-dotacje-z-Unii-Europejskiej-na-projekt-1024x877.png\" class=\"attachment-large size-large wp-image-7088\" alt=\"\" srcset=\"https:\/\/zpu.pl\/wp-content\/uploads\/2025\/12\/Zaklad-Produkcyjno-Uslugowy-Kazimierz-Jonca-Spolka-z-ograniczona-odpowiedzialnoscia-uzyskala-dotacje-z-Unii-Europejskiej-na-projekt-1024x877.png 1024w, https:\/\/zpu.pl\/wp-content\/uploads\/2025\/12\/Zaklad-Produkcyjno-Uslugowy-Kazimierz-Jonca-Spolka-z-ograniczona-odpowiedzialnoscia-uzyskala-dotacje-z-Unii-Europejskiej-na-projekt-300x257.png 300w, https:\/\/zpu.pl\/wp-content\/uploads\/2025\/12\/Zaklad-Produkcyjno-Uslugowy-Kazimierz-Jonca-Spolka-z-ograniczona-odpowiedzialnoscia-uzyskala-dotacje-z-Unii-Europejskiej-na-projekt-768x658.png 768w, https:\/\/zpu.pl\/wp-content\/uploads\/2025\/12\/Zaklad-Produkcyjno-Uslugowy-Kazimierz-Jonca-Spolka-z-ograniczona-odpowiedzialnoscia-uzyskala-dotacje-z-Unii-Europejskiej-na-projekt.png 1240w\" sizes=\"(max-width: 800px) 100vw, 800px\" \/>\t\t\t\t\t\t\t\t\t\t\t\t\t\t\t<\/div>\n\t\t\t\t<\/div>\n\t\t\t\t\t<\/div>\n\t\t<\/div>\n\t\t\t\t\t<\/div>\n\t\t<\/section>\n\t\t\t\t<\/div>\n\t\t","protected":false},"excerpt":{"rendered":"","protected":false},"author":1,"featured_media":0,"parent":0,"menu_order":0,"comment_status":"closed","ping_status":"closed","template":"elementor_header_footer","meta":{"footnotes":""},"class_list":["post-7086","page","type-page","status-publish","hentry"],"yoast_head":"<!-- This site is optimized with the Yoast SEO plugin v27.4 - https:\/\/yoast.com\/product\/yoast-seo-wordpress\/ -->\n<title>UE - ZPU JO\u0143CA Rury Preizolowane Mi\u0119dzyrzecz<\/title>\n<meta name=\"robots\" content=\"index, follow, max-snippet:-1, max-image-preview:large, max-video-preview:-1\" \/>\n<link rel=\"canonical\" href=\"https:\/\/zpu.pl\/index.php\/ue\/\" \/>\n<meta property=\"og:locale\" content=\"pl_PL\" \/>\n<meta property=\"og:type\" content=\"article\" \/>\n<meta property=\"og:title\" content=\"UE - ZPU JO\u0143CA Rury Preizolowane Mi\u0119dzyrzecz\" \/>\n<meta property=\"og:url\" content=\"https:\/\/zpu.pl\/index.php\/ue\/\" \/>\n<meta property=\"og:site_name\" content=\"ZPU JO\u0143CA Rury Preizolowane Mi\u0119dzyrzecz\" \/>\n<meta property=\"article:modified_time\" content=\"2025-12-30T08:00:23+00:00\" \/>\n<meta property=\"og:image\" content=\"https:\/\/zpu.pl\/wp-content\/uploads\/2025\/12\/Zaklad-Produkcyjno-Uslugowy-Kazimierz-Jonca-Spolka-z-ograniczona-odpowiedzialnoscia-uzyskala-dotacje-z-Unii-Europejskiej-na-projekt.png\" \/>\n\t<meta property=\"og:image:width\" content=\"1240\" \/>\n\t<meta property=\"og:image:height\" content=\"1062\" \/>\n\t<meta property=\"og:image:type\" content=\"image\/png\" \/>\n<meta name=\"twitter:card\" content=\"summary_large_image\" \/>\n<meta name=\"twitter:label1\" content=\"Szacowany czas czytania\" \/>\n\t<meta name=\"twitter:data1\" content=\"1 minuta\" \/>\n<script type=\"application\/ld+json\" class=\"yoast-schema-graph\">{\"@context\":\"https:\\\/\\\/schema.org\",\"@graph\":[{\"@type\":\"WebPage\",\"@id\":\"https:\\\/\\\/zpu.pl\\\/index.php\\\/ue\\\/\",\"url\":\"https:\\\/\\\/zpu.pl\\\/index.php\\\/ue\\\/\",\"name\":\"UE - ZPU JO\u0143CA Rury Preizolowane Mi\u0119dzyrzecz\",\"isPartOf\":{\"@id\":\"https:\\\/\\\/zpu.pl\\\/#website\"},\"primaryImageOfPage\":{\"@id\":\"https:\\\/\\\/zpu.pl\\\/index.php\\\/ue\\\/#primaryimage\"},\"image\":{\"@id\":\"https:\\\/\\\/zpu.pl\\\/index.php\\\/ue\\\/#primaryimage\"},\"thumbnailUrl\":\"https:\\\/\\\/zpu.pl\\\/wp-content\\\/uploads\\\/2025\\\/12\\\/Zaklad-Produkcyjno-Uslugowy-Kazimierz-Jonca-Spolka-z-ograniczona-odpowiedzialnoscia-uzyskala-dotacje-z-Unii-Europejskiej-na-projekt-1024x877.png\",\"datePublished\":\"2025-12-30T07:57:55+00:00\",\"dateModified\":\"2025-12-30T08:00:23+00:00\",\"breadcrumb\":{\"@id\":\"https:\\\/\\\/zpu.pl\\\/index.php\\\/ue\\\/#breadcrumb\"},\"inLanguage\":\"pl-PL\",\"potentialAction\":[{\"@type\":\"ReadAction\",\"target\":[\"https:\\\/\\\/zpu.pl\\\/index.php\\\/ue\\\/\"]}]},{\"@type\":\"ImageObject\",\"inLanguage\":\"pl-PL\",\"@id\":\"https:\\\/\\\/zpu.pl\\\/index.php\\\/ue\\\/#primaryimage\",\"url\":\"https:\\\/\\\/zpu.pl\\\/wp-content\\\/uploads\\\/2025\\\/12\\\/Zaklad-Produkcyjno-Uslugowy-Kazimierz-Jonca-Spolka-z-ograniczona-odpowiedzialnoscia-uzyskala-dotacje-z-Unii-Europejskiej-na-projekt.png\",\"contentUrl\":\"https:\\\/\\\/zpu.pl\\\/wp-content\\\/uploads\\\/2025\\\/12\\\/Zaklad-Produkcyjno-Uslugowy-Kazimierz-Jonca-Spolka-z-ograniczona-odpowiedzialnoscia-uzyskala-dotacje-z-Unii-Europejskiej-na-projekt.png\",\"width\":1240,\"height\":1062},{\"@type\":\"BreadcrumbList\",\"@id\":\"https:\\\/\\\/zpu.pl\\\/index.php\\\/ue\\\/#breadcrumb\",\"itemListElement\":[{\"@type\":\"ListItem\",\"position\":1,\"name\":\"Strona g\u0142\u00f3wna\",\"item\":\"https:\\\/\\\/zpu.pl\\\/\"},{\"@type\":\"ListItem\",\"position\":2,\"name\":\"UE\"}]},{\"@type\":\"WebSite\",\"@id\":\"https:\\\/\\\/zpu.pl\\\/#website\",\"url\":\"https:\\\/\\\/zpu.pl\\\/\",\"name\":\"ZPU JO\u0143CA Rury Preizolowane Mi\u0119dzyrzecz\",\"description\":\"Rury preizolowane Ciep\u0142o bez strat\",\"publisher\":{\"@id\":\"https:\\\/\\\/zpu.pl\\\/#organization\"},\"potentialAction\":[{\"@type\":\"SearchAction\",\"target\":{\"@type\":\"EntryPoint\",\"urlTemplate\":\"https:\\\/\\\/zpu.pl\\\/?s={search_term_string}\"},\"query-input\":{\"@type\":\"PropertyValueSpecification\",\"valueRequired\":true,\"valueName\":\"search_term_string\"}}],\"inLanguage\":\"pl-PL\"},{\"@type\":\"Organization\",\"@id\":\"https:\\\/\\\/zpu.pl\\\/#organization\",\"name\":\"ZPU JO\u0143CA Rury Preizolowane Mi\u0119dzyrzecz\",\"url\":\"https:\\\/\\\/zpu.pl\\\/\",\"logo\":{\"@type\":\"ImageObject\",\"inLanguage\":\"pl-PL\",\"@id\":\"https:\\\/\\\/zpu.pl\\\/#\\\/schema\\\/logo\\\/image\\\/\",\"url\":\"https:\\\/\\\/zpu.pl\\\/wp-content\\\/uploads\\\/2022\\\/12\\\/cropped-logo_site-e1670509441137.png\",\"contentUrl\":\"https:\\\/\\\/zpu.pl\\\/wp-content\\\/uploads\\\/2022\\\/12\\\/cropped-logo_site-e1670509441137.png\",\"width\":226,\"height\":36,\"caption\":\"ZPU JO\u0143CA Rury Preizolowane Mi\u0119dzyrzecz\"},\"image\":{\"@id\":\"https:\\\/\\\/zpu.pl\\\/#\\\/schema\\\/logo\\\/image\\\/\"}}]}<\/script>\n<!-- \/ Yoast SEO plugin. -->","yoast_head_json":{"title":"UE - ZPU JO\u0143CA Rury Preizolowane Mi\u0119dzyrzecz","robots":{"index":"index","follow":"follow","max-snippet":"max-snippet:-1","max-image-preview":"max-image-preview:large","max-video-preview":"max-video-preview:-1"},"canonical":"https:\/\/zpu.pl\/index.php\/ue\/","og_locale":"pl_PL","og_type":"article","og_title":"UE - ZPU JO\u0143CA Rury Preizolowane Mi\u0119dzyrzecz","og_url":"https:\/\/zpu.pl\/index.php\/ue\/","og_site_name":"ZPU JO\u0143CA Rury Preizolowane Mi\u0119dzyrzecz","article_modified_time":"2025-12-30T08:00:23+00:00","og_image":[{"width":1240,"height":1062,"url":"https:\/\/zpu.pl\/wp-content\/uploads\/2025\/12\/Zaklad-Produkcyjno-Uslugowy-Kazimierz-Jonca-Spolka-z-ograniczona-odpowiedzialnoscia-uzyskala-dotacje-z-Unii-Europejskiej-na-projekt.png","type":"image\/png"}],"twitter_card":"summary_large_image","twitter_misc":{"Szacowany czas czytania":"1 minuta"},"schema":{"@context":"https:\/\/schema.org","@graph":[{"@type":"WebPage","@id":"https:\/\/zpu.pl\/index.php\/ue\/","url":"https:\/\/zpu.pl\/index.php\/ue\/","name":"UE - ZPU JO\u0143CA Rury Preizolowane Mi\u0119dzyrzecz","isPartOf":{"@id":"https:\/\/zpu.pl\/#website"},"primaryImageOfPage":{"@id":"https:\/\/zpu.pl\/index.php\/ue\/#primaryimage"},"image":{"@id":"https:\/\/zpu.pl\/index.php\/ue\/#primaryimage"},"thumbnailUrl":"https:\/\/zpu.pl\/wp-content\/uploads\/2025\/12\/Zaklad-Produkcyjno-Uslugowy-Kazimierz-Jonca-Spolka-z-ograniczona-odpowiedzialnoscia-uzyskala-dotacje-z-Unii-Europejskiej-na-projekt-1024x877.png","datePublished":"2025-12-30T07:57:55+00:00","dateModified":"2025-12-30T08:00:23+00:00","breadcrumb":{"@id":"https:\/\/zpu.pl\/index.php\/ue\/#breadcrumb"},"inLanguage":"pl-PL","potentialAction":[{"@type":"ReadAction","target":["https:\/\/zpu.pl\/index.php\/ue\/"]}]},{"@type":"ImageObject","inLanguage":"pl-PL","@id":"https:\/\/zpu.pl\/index.php\/ue\/#primaryimage","url":"https:\/\/zpu.pl\/wp-content\/uploads\/2025\/12\/Zaklad-Produkcyjno-Uslugowy-Kazimierz-Jonca-Spolka-z-ograniczona-odpowiedzialnoscia-uzyskala-dotacje-z-Unii-Europejskiej-na-projekt.png","contentUrl":"https:\/\/zpu.pl\/wp-content\/uploads\/2025\/12\/Zaklad-Produkcyjno-Uslugowy-Kazimierz-Jonca-Spolka-z-ograniczona-odpowiedzialnoscia-uzyskala-dotacje-z-Unii-Europejskiej-na-projekt.png","width":1240,"height":1062},{"@type":"BreadcrumbList","@id":"https:\/\/zpu.pl\/index.php\/ue\/#breadcrumb","itemListElement":[{"@type":"ListItem","position":1,"name":"Strona g\u0142\u00f3wna","item":"https:\/\/zpu.pl\/"},{"@type":"ListItem","position":2,"name":"UE"}]},{"@type":"WebSite","@id":"https:\/\/zpu.pl\/#website","url":"https:\/\/zpu.pl\/","name":"ZPU JO\u0143CA Rury Preizolowane Mi\u0119dzyrzecz","description":"Rury preizolowane Ciep\u0142o bez strat","publisher":{"@id":"https:\/\/zpu.pl\/#organization"},"potentialAction":[{"@type":"SearchAction","target":{"@type":"EntryPoint","urlTemplate":"https:\/\/zpu.pl\/?s={search_term_string}"},"query-input":{"@type":"PropertyValueSpecification","valueRequired":true,"valueName":"search_term_string"}}],"inLanguage":"pl-PL"},{"@type":"Organization","@id":"https:\/\/zpu.pl\/#organization","name":"ZPU JO\u0143CA Rury Preizolowane Mi\u0119dzyrzecz","url":"https:\/\/zpu.pl\/","logo":{"@type":"ImageObject","inLanguage":"pl-PL","@id":"https:\/\/zpu.pl\/#\/schema\/logo\/image\/","url":"https:\/\/zpu.pl\/wp-content\/uploads\/2022\/12\/cropped-logo_site-e1670509441137.png","contentUrl":"https:\/\/zpu.pl\/wp-content\/uploads\/2022\/12\/cropped-logo_site-e1670509441137.png","width":226,"height":36,"caption":"ZPU JO\u0143CA Rury Preizolowane Mi\u0119dzyrzecz"},"image":{"@id":"https:\/\/zpu.pl\/#\/schema\/logo\/image\/"}}]}},"_links":{"self":[{"href":"https:\/\/zpu.pl\/index.php\/wp-json\/wp\/v2\/pages\/7086","targetHints":{"allow":["GET"]}}],"collection":[{"href":"https:\/\/zpu.pl\/index.php\/wp-json\/wp\/v2\/pages"}],"about":[{"href":"https:\/\/zpu.pl\/index.php\/wp-json\/wp\/v2\/types\/page"}],"author":[{"embeddable":true,"href":"https:\/\/zpu.pl\/index.php\/wp-json\/wp\/v2\/users\/1"}],"replies":[{"embeddable":true,"href":"https:\/\/zpu.pl\/index.php\/wp-json\/wp\/v2\/comments?post=7086"}],"version-history":[{"count":10,"href":"https:\/\/zpu.pl\/index.php\/wp-json\/wp\/v2\/pages\/7086\/revisions"}],"predecessor-version":[{"id":7098,"href":"https:\/\/zpu.pl\/index.php\/wp-json\/wp\/v2\/pages\/7086\/revisions\/7098"}],"wp:attachment":[{"href":"https:\/\/zpu.pl\/index.php\/wp-json\/wp\/v2\/media?parent=7086"}],"curies":[{"name":"wp","href":"https:\/\/api.w.org\/{rel}","templated":true}]}}