{"id":6472,"date":"2021-11-08T11:08:28","date_gmt":"2021-11-08T11:08:28","guid":{"rendered":"https:\/\/blockart-professional-2.sites.qsandbox.com\/?page_id=366"},"modified":"2021-11-08T11:08:28","modified_gmt":"2021-11-08T11:08:28","slug":"contact-5","status":"publish","type":"page","link":"https:\/\/zpu.pl\/index.php\/contact-5\/","title":{"rendered":"Contact"},"content":{"rendered":"\n<div class=\"blockart-section blockart-section-6359308a gtfy-9\"><div class=\"blockart-container\"><div class=\"blockart-section-inner\">\n<div class=\"blockart-column blockart-column-96ed273e gtfy-2\"><div class=\"blockart-column-inner\">\n<div class=\"blockart-image blockart-image-a277c823 gtfy-1\"><img decoding=\"async\" src=\"https:\/\/zpu.pl\/wp-content\/uploads\/2021\/11\/contact.jpg\" alt=\"\"\/><\/div>\n<\/div><\/div>\n\n\n\n<div class=\"blockart-column blockart-column-28e5a6c4 gtfy-8\"><div class=\"blockart-column-inner\">\n<h2 class=\"blockart-heading blockart-heading-3153b1e8 gtfy-3\">ZAKRA PROFESSIONAL<\/h2>\n\n\n\n<p class=\"blockart-paragraph blockart-paragraph-80e870a3 gtfy-4\">456 City Street NY, New York<\/p>\n\n\n\n<p class=\"blockart-paragraph blockart-paragraph-d683d975 gtfy-5\">NY 14127, United States of America<\/p>\n\n\n\n<p class=\"blockart-paragraph blockart-paragraph-ee277138 gtfy-6\">Phone: +88 5466-584-5544\u200b<\/p>\n\n\n\n<p class=\"blockart-paragraph blockart-paragraph-b186e33c gtfy-7\">    Email: support@zakra.com<\/p>\n<\/div><\/div>\n<\/div><\/div><\/div>\n\n\n\n<div class=\"blockart-section blockart-section-78e03b16 gtfy-14\"><div class=\"blockart-container-fluid\"><div class=\"blockart-section-inner\">\n<div class=\"blockart-column blockart-column-35c0d8ee gtfy-13\"><div class=\"blockart-column-inner\"><\/div><\/div>\n<\/div><\/div><\/div>\n\n\n\n<div class=\"blockart-section blockart-section-4fdc629e gtfy-25\"><div class=\"blockart-container-fluid\"><div class=\"blockart-section-inner\">\n<div class=\"blockart-column blockart-column-7befa538 gtfy-20\"><div class=\"blockart-column-inner\">\n<h2 class=\"blockart-heading blockart-heading-4c459141 gtfy-17\">Let&#8217;s Talk<\/h2>\n\n\n\n<p class=\"blockart-paragraph blockart-paragraph-0b37e288 gtfy-18\">+88 546-584-5944<\/p>\n\n\n\n<p class=\"blockart-paragraph blockart-paragraph-1d33add0 gtfy-19\">sayhello@zakra.com<\/p>\n<\/div><\/div>\n\n\n\n<div class=\"blockart-column blockart-column-739eb5c3 gtfy-24\"><div class=\"blockart-column-inner\">\n<h2 class=\"blockart-heading blockart-heading-78862260 gtfy-21\">Join Our Team<\/h2>\n\n\n\n<p class=\"blockart-paragraph blockart-paragraph-1c3cbd1d gtfy-22\">+88 546-584-5944<\/p>\n\n\n\n<p class=\"blockart-paragraph blockart-paragraph-84ae232d gtfy-23\">work@zakra.com<\/p>\n<\/div><\/div>\n<\/div><\/div><\/div>\n","protected":false},"excerpt":{"rendered":"","protected":false},"author":1,"featured_media":0,"parent":0,"menu_order":0,"comment_status":"closed","ping_status":"closed","template":"page-templates\/pagebuilder.php","meta":{"footnotes":""},"class_list":["post-6472","page","type-page","status-publish","hentry"],"yoast_head":"<!-- This site is optimized with the Yoast SEO plugin v27.4 - https:\/\/yoast.com\/product\/yoast-seo-wordpress\/ -->\n<title>Contact - ZPU JO\u0143CA Rury Preizolowane Mi\u0119dzyrzecz<\/title>\n<meta name=\"robots\" content=\"index, follow, max-snippet:-1, max-image-preview:large, max-video-preview:-1\" \/>\n<link rel=\"canonical\" href=\"https:\/\/zpu.pl\/index.php\/contact-5\/\" \/>\n<meta property=\"og:locale\" content=\"pl_PL\" \/>\n<meta property=\"og:type\" content=\"article\" \/>\n<meta property=\"og:title\" content=\"Contact - ZPU JO\u0143CA Rury Preizolowane Mi\u0119dzyrzecz\" \/>\n<meta property=\"og:url\" content=\"https:\/\/zpu.pl\/index.php\/contact-5\/\" \/>\n<meta property=\"og:site_name\" content=\"ZPU JO\u0143CA Rury Preizolowane Mi\u0119dzyrzecz\" \/>\n<meta property=\"og:image\" content=\"https:\/\/zpu.pl\/wp-content\/uploads\/2021\/11\/contact.jpg\" \/>\n<meta name=\"twitter:card\" content=\"summary_large_image\" \/>\n<script type=\"application\/ld+json\" class=\"yoast-schema-graph\">{\"@context\":\"https:\\\/\\\/schema.org\",\"@graph\":[{\"@type\":\"WebPage\",\"@id\":\"https:\\\/\\\/zpu.pl\\\/index.php\\\/contact-5\\\/\",\"url\":\"https:\\\/\\\/zpu.pl\\\/index.php\\\/contact-5\\\/\",\"name\":\"Contact - ZPU JO\u0143CA Rury Preizolowane Mi\u0119dzyrzecz\",\"isPartOf\":{\"@id\":\"https:\\\/\\\/zpu.pl\\\/#website\"},\"primaryImageOfPage\":{\"@id\":\"https:\\\/\\\/zpu.pl\\\/index.php\\\/contact-5\\\/#primaryimage\"},\"image\":{\"@id\":\"https:\\\/\\\/zpu.pl\\\/index.php\\\/contact-5\\\/#primaryimage\"},\"thumbnailUrl\":\"https:\\\/\\\/zpu.pl\\\/wp-content\\\/uploads\\\/2021\\\/11\\\/contact.jpg\",\"datePublished\":\"2021-11-08T11:08:28+00:00\",\"breadcrumb\":{\"@id\":\"https:\\\/\\\/zpu.pl\\\/index.php\\\/contact-5\\\/#breadcrumb\"},\"inLanguage\":\"pl-PL\",\"potentialAction\":[{\"@type\":\"ReadAction\",\"target\":[\"https:\\\/\\\/zpu.pl\\\/index.php\\\/contact-5\\\/\"]}]},{\"@type\":\"ImageObject\",\"inLanguage\":\"pl-PL\",\"@id\":\"https:\\\/\\\/zpu.pl\\\/index.php\\\/contact-5\\\/#primaryimage\",\"url\":\"https:\\\/\\\/zpu.pl\\\/wp-content\\\/uploads\\\/2021\\\/11\\\/contact.jpg\",\"contentUrl\":\"https:\\\/\\\/zpu.pl\\\/wp-content\\\/uploads\\\/2021\\\/11\\\/contact.jpg\"},{\"@type\":\"BreadcrumbList\",\"@id\":\"https:\\\/\\\/zpu.pl\\\/index.php\\\/contact-5\\\/#breadcrumb\",\"itemListElement\":[{\"@type\":\"ListItem\",\"position\":1,\"name\":\"Strona g\u0142\u00f3wna\",\"item\":\"https:\\\/\\\/zpu.pl\\\/\"},{\"@type\":\"ListItem\",\"position\":2,\"name\":\"Contact\"}]},{\"@type\":\"WebSite\",\"@id\":\"https:\\\/\\\/zpu.pl\\\/#website\",\"url\":\"https:\\\/\\\/zpu.pl\\\/\",\"name\":\"ZPU JO\u0143CA Rury Preizolowane Mi\u0119dzyrzecz\",\"description\":\"Rury preizolowane Ciep\u0142o bez strat\",\"publisher\":{\"@id\":\"https:\\\/\\\/zpu.pl\\\/#organization\"},\"potentialAction\":[{\"@type\":\"SearchAction\",\"target\":{\"@type\":\"EntryPoint\",\"urlTemplate\":\"https:\\\/\\\/zpu.pl\\\/?s={search_term_string}\"},\"query-input\":{\"@type\":\"PropertyValueSpecification\",\"valueRequired\":true,\"valueName\":\"search_term_string\"}}],\"inLanguage\":\"pl-PL\"},{\"@type\":\"Organization\",\"@id\":\"https:\\\/\\\/zpu.pl\\\/#organization\",\"name\":\"ZPU JO\u0143CA Rury Preizolowane Mi\u0119dzyrzecz\",\"url\":\"https:\\\/\\\/zpu.pl\\\/\",\"logo\":{\"@type\":\"ImageObject\",\"inLanguage\":\"pl-PL\",\"@id\":\"https:\\\/\\\/zpu.pl\\\/#\\\/schema\\\/logo\\\/image\\\/\",\"url\":\"https:\\\/\\\/zpu.pl\\\/wp-content\\\/uploads\\\/2022\\\/12\\\/cropped-logo_site-e1670509441137.png\",\"contentUrl\":\"https:\\\/\\\/zpu.pl\\\/wp-content\\\/uploads\\\/2022\\\/12\\\/cropped-logo_site-e1670509441137.png\",\"width\":226,\"height\":36,\"caption\":\"ZPU JO\u0143CA Rury Preizolowane Mi\u0119dzyrzecz\"},\"image\":{\"@id\":\"https:\\\/\\\/zpu.pl\\\/#\\\/schema\\\/logo\\\/image\\\/\"}}]}<\/script>\n<!-- \/ Yoast SEO plugin. -->","yoast_head_json":{"title":"Contact - ZPU JO\u0143CA Rury Preizolowane Mi\u0119dzyrzecz","robots":{"index":"index","follow":"follow","max-snippet":"max-snippet:-1","max-image-preview":"max-image-preview:large","max-video-preview":"max-video-preview:-1"},"canonical":"https:\/\/zpu.pl\/index.php\/contact-5\/","og_locale":"pl_PL","og_type":"article","og_title":"Contact - ZPU JO\u0143CA Rury Preizolowane Mi\u0119dzyrzecz","og_url":"https:\/\/zpu.pl\/index.php\/contact-5\/","og_site_name":"ZPU JO\u0143CA Rury Preizolowane Mi\u0119dzyrzecz","og_image":[{"url":"https:\/\/zpu.pl\/wp-content\/uploads\/2021\/11\/contact.jpg","type":"","width":"","height":""}],"twitter_card":"summary_large_image","schema":{"@context":"https:\/\/schema.org","@graph":[{"@type":"WebPage","@id":"https:\/\/zpu.pl\/index.php\/contact-5\/","url":"https:\/\/zpu.pl\/index.php\/contact-5\/","name":"Contact - ZPU JO\u0143CA Rury Preizolowane Mi\u0119dzyrzecz","isPartOf":{"@id":"https:\/\/zpu.pl\/#website"},"primaryImageOfPage":{"@id":"https:\/\/zpu.pl\/index.php\/contact-5\/#primaryimage"},"image":{"@id":"https:\/\/zpu.pl\/index.php\/contact-5\/#primaryimage"},"thumbnailUrl":"https:\/\/zpu.pl\/wp-content\/uploads\/2021\/11\/contact.jpg","datePublished":"2021-11-08T11:08:28+00:00","breadcrumb":{"@id":"https:\/\/zpu.pl\/index.php\/contact-5\/#breadcrumb"},"inLanguage":"pl-PL","potentialAction":[{"@type":"ReadAction","target":["https:\/\/zpu.pl\/index.php\/contact-5\/"]}]},{"@type":"ImageObject","inLanguage":"pl-PL","@id":"https:\/\/zpu.pl\/index.php\/contact-5\/#primaryimage","url":"https:\/\/zpu.pl\/wp-content\/uploads\/2021\/11\/contact.jpg","contentUrl":"https:\/\/zpu.pl\/wp-content\/uploads\/2021\/11\/contact.jpg"},{"@type":"BreadcrumbList","@id":"https:\/\/zpu.pl\/index.php\/contact-5\/#breadcrumb","itemListElement":[{"@type":"ListItem","position":1,"name":"Strona g\u0142\u00f3wna","item":"https:\/\/zpu.pl\/"},{"@type":"ListItem","position":2,"name":"Contact"}]},{"@type":"WebSite","@id":"https:\/\/zpu.pl\/#website","url":"https:\/\/zpu.pl\/","name":"ZPU JO\u0143CA Rury Preizolowane Mi\u0119dzyrzecz","description":"Rury preizolowane Ciep\u0142o bez strat","publisher":{"@id":"https:\/\/zpu.pl\/#organization"},"potentialAction":[{"@type":"SearchAction","target":{"@type":"EntryPoint","urlTemplate":"https:\/\/zpu.pl\/?s={search_term_string}"},"query-input":{"@type":"PropertyValueSpecification","valueRequired":true,"valueName":"search_term_string"}}],"inLanguage":"pl-PL"},{"@type":"Organization","@id":"https:\/\/zpu.pl\/#organization","name":"ZPU JO\u0143CA Rury Preizolowane Mi\u0119dzyrzecz","url":"https:\/\/zpu.pl\/","logo":{"@type":"ImageObject","inLanguage":"pl-PL","@id":"https:\/\/zpu.pl\/#\/schema\/logo\/image\/","url":"https:\/\/zpu.pl\/wp-content\/uploads\/2022\/12\/cropped-logo_site-e1670509441137.png","contentUrl":"https:\/\/zpu.pl\/wp-content\/uploads\/2022\/12\/cropped-logo_site-e1670509441137.png","width":226,"height":36,"caption":"ZPU JO\u0143CA Rury Preizolowane Mi\u0119dzyrzecz"},"image":{"@id":"https:\/\/zpu.pl\/#\/schema\/logo\/image\/"}}]}},"_links":{"self":[{"href":"https:\/\/zpu.pl\/index.php\/wp-json\/wp\/v2\/pages\/6472","targetHints":{"allow":["GET"]}}],"collection":[{"href":"https:\/\/zpu.pl\/index.php\/wp-json\/wp\/v2\/pages"}],"about":[{"href":"https:\/\/zpu.pl\/index.php\/wp-json\/wp\/v2\/types\/page"}],"author":[{"embeddable":true,"href":"https:\/\/zpu.pl\/index.php\/wp-json\/wp\/v2\/users\/1"}],"replies":[{"embeddable":true,"href":"https:\/\/zpu.pl\/index.php\/wp-json\/wp\/v2\/comments?post=6472"}],"version-history":[{"count":0,"href":"https:\/\/zpu.pl\/index.php\/wp-json\/wp\/v2\/pages\/6472\/revisions"}],"wp:attachment":[{"href":"https:\/\/zpu.pl\/index.php\/wp-json\/wp\/v2\/media?parent=6472"}],"curies":[{"name":"wp","href":"https:\/\/api.w.org\/{rel}","templated":true}]}}