{"id":224,"date":"2017-12-26T05:47:56","date_gmt":"2017-12-26T05:47:56","guid":{"rendered":"https:\/\/demo.themegrill.com\/colormag-dark\/?page_id=224"},"modified":"2017-12-26T05:47:56","modified_gmt":"2017-12-26T05:47:56","slug":"sports","status":"publish","type":"page","link":"https:\/\/zpu.pl\/index.php\/sports\/","title":{"rendered":"Sports"},"content":{"rendered":"\t\t<div data-elementor-type=\"wp-post\" data-elementor-id=\"224\" class=\"elementor elementor-224 elementor-bc-flex-widget\">\n\t\t\t\t\t\t<section class=\"elementor-section elementor-top-section elementor-element elementor-element-3673a360 elementor-section-stretched elementor-section-boxed elementor-section-height-default elementor-section-height-default\" data-id=\"3673a360\" data-element_type=\"section\" data-e-type=\"section\" data-settings=\"{&quot;stretch_section&quot;:&quot;section-stretched&quot;}\">\n\t\t\t\t\t\t<div class=\"elementor-container elementor-column-gap-default\">\n\t\t\t\t\t<div class=\"elementor-column elementor-col-100 elementor-top-column elementor-element elementor-element-78f5a500\" data-id=\"78f5a500\" data-element_type=\"column\" data-e-type=\"column\">\n\t\t\t<div class=\"elementor-widget-wrap elementor-element-populated\">\n\t\t\t\t\t\t<div class=\"elementor-element elementor-element-481c2f55 elementor-widget elementor-widget-heading\" data-id=\"481c2f55\" data-element_type=\"widget\" data-e-type=\"widget\" data-widget_type=\"heading.default\">\n\t\t\t\t<div class=\"elementor-widget-container\">\n\t\t\t\t\t<h2 class=\"elementor-heading-title elementor-size-large\">Sports News<\/h2>\t\t\t\t<\/div>\n\t\t\t\t<\/div>\n\t\t\t\t\t<\/div>\n\t\t<\/div>\n\t\t\t\t\t<\/div>\n\t\t<\/section>\n\t\t\t\t<section class=\"elementor-section elementor-top-section elementor-element elementor-element-4c21992b elementor-section-boxed elementor-section-height-default elementor-section-height-default\" data-id=\"4c21992b\" data-element_type=\"section\" data-e-type=\"section\">\n\t\t\t\t\t\t<div class=\"elementor-container elementor-column-gap-default\">\n\t\t\t\t\t<div class=\"elementor-column elementor-col-66 elementor-top-column elementor-element elementor-element-26ba509a\" data-id=\"26ba509a\" data-element_type=\"column\" data-e-type=\"column\">\n\t\t\t<div class=\"elementor-widget-wrap\">\n\t\t\t\t\t\t\t<\/div>\n\t\t<\/div>\n\t\t\t\t<div class=\"elementor-column elementor-col-33 elementor-top-column elementor-element elementor-element-21781072\" data-id=\"21781072\" data-element_type=\"column\" data-e-type=\"column\">\n\t\t\t<div class=\"elementor-widget-wrap elementor-element-populated\">\n\t\t\t\t\t\t<div class=\"elementor-element elementor-element-b9b3ba4 elementor-widget elementor-widget-heading\" data-id=\"b9b3ba4\" data-element_type=\"widget\" data-e-type=\"widget\" data-widget_type=\"heading.default\">\n\t\t\t\t<div class=\"elementor-widget-container\">\n\t\t\t\t\t<h6 class=\"elementor-heading-title elementor-size-small\">- Advertisement ( 300*250 ) -<\/h6>\t\t\t\t<\/div>\n\t\t\t\t<\/div>\n\t\t\t\t<div class=\"elementor-element elementor-element-5e08e2a8 elementor-widget elementor-widget-heading\" data-id=\"5e08e2a8\" data-element_type=\"widget\" data-e-type=\"widget\" data-widget_type=\"heading.default\">\n\t\t\t\t<div class=\"elementor-widget-container\">\n\t\t\t\t\t<h2 class=\"elementor-heading-title elementor-size-default\">Latest News<\/h2>\t\t\t\t<\/div>\n\t\t\t\t<\/div>\n\t\t\t\t\t<\/div>\n\t\t<\/div>\n\t\t\t\t\t<\/div>\n\t\t<\/section>\n\t\t\t\t<\/div>\n\t\t","protected":false},"excerpt":{"rendered":"<p>Sports News Food &amp; Health&nbsp;Sports&nbsp; Sporting Performance and Food: The Athlete\u2019s Diet December 26, 2017December 26, 2017 TG-Demo Team Comments Off on Sporting Performance and Food: The Athlete\u2019s Diet Curabitur &#8230;<\/p>\n","protected":false},"author":1,"featured_media":0,"parent":0,"menu_order":0,"comment_status":"closed","ping_status":"closed","template":"","meta":{"footnotes":""},"class_list":["post-224","page","type-page","status-publish","hentry"],"yoast_head":"<!-- This site is optimized with the Yoast SEO plugin v27.4 - https:\/\/yoast.com\/product\/yoast-seo-wordpress\/ -->\n<title>Sports - ZPU JO\u0143CA Rury Preizolowane Mi\u0119dzyrzecz<\/title>\n<meta name=\"robots\" content=\"index, follow, max-snippet:-1, max-image-preview:large, max-video-preview:-1\" \/>\n<link rel=\"canonical\" href=\"https:\/\/zpu.pl\/index.php\/sports\/\" \/>\n<meta property=\"og:locale\" content=\"pl_PL\" \/>\n<meta property=\"og:type\" content=\"article\" \/>\n<meta property=\"og:title\" content=\"Sports - ZPU JO\u0143CA Rury Preizolowane Mi\u0119dzyrzecz\" \/>\n<meta property=\"og:description\" content=\"Sports News Food &amp; Health&nbsp;Sports&nbsp; Sporting Performance and Food: The Athlete\u2019s Diet December 26, 2017December 26, 2017 TG-Demo Team Comments Off on Sporting Performance and Food: The Athlete\u2019s Diet Curabitur ...\" \/>\n<meta property=\"og:url\" content=\"https:\/\/zpu.pl\/index.php\/sports\/\" \/>\n<meta property=\"og:site_name\" content=\"ZPU JO\u0143CA Rury Preizolowane Mi\u0119dzyrzecz\" \/>\n<meta property=\"og:image\" content=\"https:\/\/zpu.pl\/wp-content\/uploads\/2017\/12\/athlete-392x272.jpg\" \/>\n<meta name=\"twitter:card\" content=\"summary_large_image\" \/>\n<meta name=\"twitter:label1\" content=\"Szacowany czas czytania\" \/>\n\t<meta name=\"twitter:data1\" content=\"2 minuty\" \/>\n<script type=\"application\/ld+json\" class=\"yoast-schema-graph\">{\"@context\":\"https:\\\/\\\/schema.org\",\"@graph\":[{\"@type\":\"WebPage\",\"@id\":\"https:\\\/\\\/zpu.pl\\\/index.php\\\/sports\\\/\",\"url\":\"https:\\\/\\\/zpu.pl\\\/index.php\\\/sports\\\/\",\"name\":\"Sports - ZPU JO\u0143CA Rury Preizolowane Mi\u0119dzyrzecz\",\"isPartOf\":{\"@id\":\"https:\\\/\\\/zpu.pl\\\/#website\"},\"primaryImageOfPage\":{\"@id\":\"https:\\\/\\\/zpu.pl\\\/index.php\\\/sports\\\/#primaryimage\"},\"image\":{\"@id\":\"https:\\\/\\\/zpu.pl\\\/index.php\\\/sports\\\/#primaryimage\"},\"thumbnailUrl\":\"https:\\\/\\\/zpu.pl\\\/wp-content\\\/uploads\\\/2017\\\/12\\\/athlete-392x272.jpg\",\"datePublished\":\"2017-12-26T05:47:56+00:00\",\"breadcrumb\":{\"@id\":\"https:\\\/\\\/zpu.pl\\\/index.php\\\/sports\\\/#breadcrumb\"},\"inLanguage\":\"pl-PL\",\"potentialAction\":[{\"@type\":\"ReadAction\",\"target\":[\"https:\\\/\\\/zpu.pl\\\/index.php\\\/sports\\\/\"]}]},{\"@type\":\"ImageObject\",\"inLanguage\":\"pl-PL\",\"@id\":\"https:\\\/\\\/zpu.pl\\\/index.php\\\/sports\\\/#primaryimage\",\"url\":\"https:\\\/\\\/zpu.pl\\\/wp-content\\\/uploads\\\/2017\\\/12\\\/athlete-392x272.jpg\",\"contentUrl\":\"https:\\\/\\\/zpu.pl\\\/wp-content\\\/uploads\\\/2017\\\/12\\\/athlete-392x272.jpg\"},{\"@type\":\"BreadcrumbList\",\"@id\":\"https:\\\/\\\/zpu.pl\\\/index.php\\\/sports\\\/#breadcrumb\",\"itemListElement\":[{\"@type\":\"ListItem\",\"position\":1,\"name\":\"Strona g\u0142\u00f3wna\",\"item\":\"https:\\\/\\\/zpu.pl\\\/\"},{\"@type\":\"ListItem\",\"position\":2,\"name\":\"Sports\"}]},{\"@type\":\"WebSite\",\"@id\":\"https:\\\/\\\/zpu.pl\\\/#website\",\"url\":\"https:\\\/\\\/zpu.pl\\\/\",\"name\":\"ZPU JO\u0143CA Rury Preizolowane Mi\u0119dzyrzecz\",\"description\":\"Rury preizolowane Ciep\u0142o bez strat\",\"publisher\":{\"@id\":\"https:\\\/\\\/zpu.pl\\\/#organization\"},\"potentialAction\":[{\"@type\":\"SearchAction\",\"target\":{\"@type\":\"EntryPoint\",\"urlTemplate\":\"https:\\\/\\\/zpu.pl\\\/?s={search_term_string}\"},\"query-input\":{\"@type\":\"PropertyValueSpecification\",\"valueRequired\":true,\"valueName\":\"search_term_string\"}}],\"inLanguage\":\"pl-PL\"},{\"@type\":\"Organization\",\"@id\":\"https:\\\/\\\/zpu.pl\\\/#organization\",\"name\":\"ZPU JO\u0143CA Rury Preizolowane Mi\u0119dzyrzecz\",\"url\":\"https:\\\/\\\/zpu.pl\\\/\",\"logo\":{\"@type\":\"ImageObject\",\"inLanguage\":\"pl-PL\",\"@id\":\"https:\\\/\\\/zpu.pl\\\/#\\\/schema\\\/logo\\\/image\\\/\",\"url\":\"https:\\\/\\\/zpu.pl\\\/wp-content\\\/uploads\\\/2022\\\/12\\\/cropped-logo_site-e1670509441137.png\",\"contentUrl\":\"https:\\\/\\\/zpu.pl\\\/wp-content\\\/uploads\\\/2022\\\/12\\\/cropped-logo_site-e1670509441137.png\",\"width\":226,\"height\":36,\"caption\":\"ZPU JO\u0143CA Rury Preizolowane Mi\u0119dzyrzecz\"},\"image\":{\"@id\":\"https:\\\/\\\/zpu.pl\\\/#\\\/schema\\\/logo\\\/image\\\/\"}}]}<\/script>\n<!-- \/ Yoast SEO plugin. -->","yoast_head_json":{"title":"Sports - ZPU JO\u0143CA Rury Preizolowane Mi\u0119dzyrzecz","robots":{"index":"index","follow":"follow","max-snippet":"max-snippet:-1","max-image-preview":"max-image-preview:large","max-video-preview":"max-video-preview:-1"},"canonical":"https:\/\/zpu.pl\/index.php\/sports\/","og_locale":"pl_PL","og_type":"article","og_title":"Sports - ZPU JO\u0143CA Rury Preizolowane Mi\u0119dzyrzecz","og_description":"Sports News Food &amp; Health&nbsp;Sports&nbsp; Sporting Performance and Food: The Athlete\u2019s Diet December 26, 2017December 26, 2017 TG-Demo Team Comments Off on Sporting Performance and Food: The Athlete\u2019s Diet Curabitur ...","og_url":"https:\/\/zpu.pl\/index.php\/sports\/","og_site_name":"ZPU JO\u0143CA Rury Preizolowane Mi\u0119dzyrzecz","og_image":[{"url":"https:\/\/zpu.pl\/wp-content\/uploads\/2017\/12\/athlete-392x272.jpg","type":"","width":"","height":""}],"twitter_card":"summary_large_image","twitter_misc":{"Szacowany czas czytania":"2 minuty"},"schema":{"@context":"https:\/\/schema.org","@graph":[{"@type":"WebPage","@id":"https:\/\/zpu.pl\/index.php\/sports\/","url":"https:\/\/zpu.pl\/index.php\/sports\/","name":"Sports - ZPU JO\u0143CA Rury Preizolowane Mi\u0119dzyrzecz","isPartOf":{"@id":"https:\/\/zpu.pl\/#website"},"primaryImageOfPage":{"@id":"https:\/\/zpu.pl\/index.php\/sports\/#primaryimage"},"image":{"@id":"https:\/\/zpu.pl\/index.php\/sports\/#primaryimage"},"thumbnailUrl":"https:\/\/zpu.pl\/wp-content\/uploads\/2017\/12\/athlete-392x272.jpg","datePublished":"2017-12-26T05:47:56+00:00","breadcrumb":{"@id":"https:\/\/zpu.pl\/index.php\/sports\/#breadcrumb"},"inLanguage":"pl-PL","potentialAction":[{"@type":"ReadAction","target":["https:\/\/zpu.pl\/index.php\/sports\/"]}]},{"@type":"ImageObject","inLanguage":"pl-PL","@id":"https:\/\/zpu.pl\/index.php\/sports\/#primaryimage","url":"https:\/\/zpu.pl\/wp-content\/uploads\/2017\/12\/athlete-392x272.jpg","contentUrl":"https:\/\/zpu.pl\/wp-content\/uploads\/2017\/12\/athlete-392x272.jpg"},{"@type":"BreadcrumbList","@id":"https:\/\/zpu.pl\/index.php\/sports\/#breadcrumb","itemListElement":[{"@type":"ListItem","position":1,"name":"Strona g\u0142\u00f3wna","item":"https:\/\/zpu.pl\/"},{"@type":"ListItem","position":2,"name":"Sports"}]},{"@type":"WebSite","@id":"https:\/\/zpu.pl\/#website","url":"https:\/\/zpu.pl\/","name":"ZPU JO\u0143CA Rury Preizolowane Mi\u0119dzyrzecz","description":"Rury preizolowane Ciep\u0142o bez strat","publisher":{"@id":"https:\/\/zpu.pl\/#organization"},"potentialAction":[{"@type":"SearchAction","target":{"@type":"EntryPoint","urlTemplate":"https:\/\/zpu.pl\/?s={search_term_string}"},"query-input":{"@type":"PropertyValueSpecification","valueRequired":true,"valueName":"search_term_string"}}],"inLanguage":"pl-PL"},{"@type":"Organization","@id":"https:\/\/zpu.pl\/#organization","name":"ZPU JO\u0143CA Rury Preizolowane Mi\u0119dzyrzecz","url":"https:\/\/zpu.pl\/","logo":{"@type":"ImageObject","inLanguage":"pl-PL","@id":"https:\/\/zpu.pl\/#\/schema\/logo\/image\/","url":"https:\/\/zpu.pl\/wp-content\/uploads\/2022\/12\/cropped-logo_site-e1670509441137.png","contentUrl":"https:\/\/zpu.pl\/wp-content\/uploads\/2022\/12\/cropped-logo_site-e1670509441137.png","width":226,"height":36,"caption":"ZPU JO\u0143CA Rury Preizolowane Mi\u0119dzyrzecz"},"image":{"@id":"https:\/\/zpu.pl\/#\/schema\/logo\/image\/"}}]}},"_links":{"self":[{"href":"https:\/\/zpu.pl\/index.php\/wp-json\/wp\/v2\/pages\/224","targetHints":{"allow":["GET"]}}],"collection":[{"href":"https:\/\/zpu.pl\/index.php\/wp-json\/wp\/v2\/pages"}],"about":[{"href":"https:\/\/zpu.pl\/index.php\/wp-json\/wp\/v2\/types\/page"}],"author":[{"embeddable":true,"href":"https:\/\/zpu.pl\/index.php\/wp-json\/wp\/v2\/users\/1"}],"replies":[{"embeddable":true,"href":"https:\/\/zpu.pl\/index.php\/wp-json\/wp\/v2\/comments?post=224"}],"version-history":[{"count":0,"href":"https:\/\/zpu.pl\/index.php\/wp-json\/wp\/v2\/pages\/224\/revisions"}],"wp:attachment":[{"href":"https:\/\/zpu.pl\/index.php\/wp-json\/wp\/v2\/media?parent=224"}],"curies":[{"name":"wp","href":"https:\/\/api.w.org\/{rel}","templated":true}]}}