{"id":10,"date":"2017-12-18T06:13:02","date_gmt":"2017-12-18T06:13:02","guid":{"rendered":"https:\/\/demo.themegrill.com\/colormag-dark\/?page_id=10"},"modified":"2017-12-18T06:13:02","modified_gmt":"2017-12-18T06:13:02","slug":"home-2","status":"publish","type":"page","link":"https:\/\/zpu.pl\/index.php\/home-2\/","title":{"rendered":"Home"},"content":{"rendered":"\t\t<div data-elementor-type=\"wp-post\" data-elementor-id=\"10\" class=\"elementor elementor-10\">\n\t\t\t\t\t\t<section class=\"elementor-section elementor-top-section elementor-element elementor-element-9abeab7 elementor-section-boxed elementor-section-height-default elementor-section-height-default\" data-id=\"9abeab7\" data-element_type=\"section\" data-e-type=\"section\">\n\t\t\t\t\t\t<div class=\"elementor-container elementor-column-gap-no\">\n\t\t\t\t\t<div class=\"elementor-column elementor-col-100 elementor-top-column elementor-element elementor-element-3af74bc\" data-id=\"3af74bc\" data-element_type=\"column\" data-e-type=\"column\">\n\t\t\t<div class=\"elementor-widget-wrap\">\n\t\t\t\t\t\t\t<\/div>\n\t\t<\/div>\n\t\t\t\t\t<\/div>\n\t\t<\/section>\n\t\t\t\t<section class=\"elementor-section elementor-top-section elementor-element elementor-element-70ed0fd elementor-section-boxed elementor-section-height-default elementor-section-height-default\" data-id=\"70ed0fd\" data-element_type=\"section\" data-e-type=\"section\">\n\t\t\t\t\t\t<div class=\"elementor-container elementor-column-gap-default\">\n\t\t\t\t\t<div class=\"elementor-column elementor-col-33 elementor-top-column elementor-element elementor-element-1c9127f\" data-id=\"1c9127f\" data-element_type=\"column\" data-e-type=\"column\">\n\t\t\t<div class=\"elementor-widget-wrap\">\n\t\t\t\t\t\t\t<\/div>\n\t\t<\/div>\n\t\t\t\t<div class=\"elementor-column elementor-col-33 elementor-top-column elementor-element elementor-element-9e978d1\" data-id=\"9e978d1\" data-element_type=\"column\" data-e-type=\"column\">\n\t\t\t<div class=\"elementor-widget-wrap\">\n\t\t\t\t\t\t\t<\/div>\n\t\t<\/div>\n\t\t\t\t<div class=\"elementor-column elementor-col-33 elementor-top-column elementor-element elementor-element-e17cbec\" data-id=\"e17cbec\" data-element_type=\"column\" data-e-type=\"column\">\n\t\t\t<div class=\"elementor-widget-wrap\">\n\t\t\t\t\t\t\t<\/div>\n\t\t<\/div>\n\t\t\t\t\t<\/div>\n\t\t<\/section>\n\t\t\t\t<section class=\"elementor-section elementor-top-section elementor-element elementor-element-fbb57c9 elementor-section-boxed elementor-section-height-default elementor-section-height-default\" data-id=\"fbb57c9\" data-element_type=\"section\" data-e-type=\"section\">\n\t\t\t\t\t\t<div class=\"elementor-container elementor-column-gap-default\">\n\t\t\t\t\t<div class=\"elementor-column elementor-col-66 elementor-top-column elementor-element elementor-element-26374da\" data-id=\"26374da\" data-element_type=\"column\" data-e-type=\"column\">\n\t\t\t<div class=\"elementor-widget-wrap elementor-element-populated\">\n\t\t\t\t\t\t<div class=\"elementor-element elementor-element-430f312 elementor-widget elementor-widget-heading\" data-id=\"430f312\" data-element_type=\"widget\" data-e-type=\"widget\" data-widget_type=\"heading.default\">\n\t\t\t\t<div class=\"elementor-widget-container\">\n\t\t\t\t\t<h2 class=\"elementor-heading-title elementor-size-default\">News<\/h2>\t\t\t\t<\/div>\n\t\t\t\t<\/div>\n\t\t\t\t<div class=\"elementor-element elementor-element-97e2328 elementor-widget elementor-widget-heading\" data-id=\"97e2328\" data-element_type=\"widget\" data-e-type=\"widget\" data-widget_type=\"heading.default\">\n\t\t\t\t<div class=\"elementor-widget-container\">\n\t\t\t\t\t<h2 class=\"elementor-heading-title elementor-size-default\">Technology<\/h2>\t\t\t\t<\/div>\n\t\t\t\t<\/div>\n\t\t\t\t\t<\/div>\n\t\t<\/div>\n\t\t\t\t<div class=\"elementor-column elementor-col-33 elementor-top-column elementor-element elementor-element-4e2d81d\" data-id=\"4e2d81d\" data-element_type=\"column\" data-e-type=\"column\">\n\t\t\t<div class=\"elementor-widget-wrap elementor-element-populated\">\n\t\t\t\t\t\t<div class=\"elementor-element elementor-element-4a19a52 elementor-widget elementor-widget-heading\" data-id=\"4a19a52\" data-element_type=\"widget\" data-e-type=\"widget\" data-widget_type=\"heading.default\">\n\t\t\t\t<div class=\"elementor-widget-container\">\n\t\t\t\t\t<h2 class=\"elementor-heading-title elementor-size-default\">Latest Video<\/h2>\t\t\t\t<\/div>\n\t\t\t\t<\/div>\n\t\t\t\t<div class=\"elementor-element elementor-element-ad89654 elementor-widget elementor-widget-video\" data-id=\"ad89654\" data-element_type=\"widget\" data-e-type=\"widget\" data-settings=\"{&quot;youtube_url&quot;:&quot;https:\\\/\\\/www.youtube.com\\\/watch?v=9uOETcuFjbE&quot;,&quot;video_type&quot;:&quot;youtube&quot;,&quot;controls&quot;:&quot;yes&quot;}\" data-widget_type=\"video.default\">\n\t\t\t\t<div class=\"elementor-widget-container\">\n\t\t\t\t\t\t\t<div class=\"elementor-wrapper elementor-open-inline\">\n\t\t\t<div class=\"elementor-video\"><\/div>\t\t<\/div>\n\t\t\t\t\t\t<\/div>\n\t\t\t\t<\/div>\n\t\t\t\t<div class=\"elementor-element elementor-element-a1dc4d5 elementor-widget elementor-widget-heading\" data-id=\"a1dc4d5\" data-element_type=\"widget\" data-e-type=\"widget\" data-widget_type=\"heading.default\">\n\t\t\t\t<div class=\"elementor-widget-container\">\n\t\t\t\t\t<h2 class=\"elementor-heading-title elementor-size-default\">Trending<\/h2>\t\t\t\t<\/div>\n\t\t\t\t<\/div>\n\t\t\t\t<div class=\"elementor-element elementor-element-25f089d elementor-widget elementor-widget-heading\" data-id=\"25f089d\" data-element_type=\"widget\" data-e-type=\"widget\" data-widget_type=\"heading.default\">\n\t\t\t\t<div class=\"elementor-widget-container\">\n\t\t\t\t\t<h2 class=\"elementor-heading-title elementor-size-default\">Follow Us<\/h2>\t\t\t\t<\/div>\n\t\t\t\t<\/div>\n\t\t\t\t<div class=\"elementor-element elementor-element-4c3655b elementor-shape-square e-grid-align-left elementor-grid-0 elementor-widget elementor-widget-social-icons\" data-id=\"4c3655b\" data-element_type=\"widget\" data-e-type=\"widget\" data-widget_type=\"social-icons.default\">\n\t\t\t\t<div class=\"elementor-widget-container\">\n\t\t\t\t\t\t\t<div class=\"elementor-social-icons-wrapper elementor-grid\" role=\"list\">\n\t\t\t\t\t\t\t<span class=\"elementor-grid-item\" role=\"listitem\">\n\t\t\t\t\t<a class=\"elementor-icon elementor-social-icon elementor-social-icon-facebook elementor-animation-float elementor-repeater-item-bd9ad2f\" target=\"_blank\">\n\t\t\t\t\t\t<span class=\"elementor-screen-only\">Facebook<\/span>\n\t\t\t\t\t\t\t\t\t\t\t\t\t<i class=\"fa fa-facebook\" aria-hidden=\"true\"><\/i>\n\t\t\t\t\t\t\t\t\t\t\t<\/a>\n\t\t\t\t<\/span>\n\t\t\t\t\t\t\t<span class=\"elementor-grid-item\" role=\"listitem\">\n\t\t\t\t\t<a class=\"elementor-icon elementor-social-icon elementor-social-icon-twitter elementor-animation-float elementor-repeater-item-efdb18f\" target=\"_blank\">\n\t\t\t\t\t\t<span class=\"elementor-screen-only\">Twitter<\/span>\n\t\t\t\t\t\t\t\t\t\t\t\t\t<i class=\"fa fa-twitter\" aria-hidden=\"true\"><\/i>\n\t\t\t\t\t\t\t\t\t\t\t<\/a>\n\t\t\t\t<\/span>\n\t\t\t\t\t\t\t<span class=\"elementor-grid-item\" role=\"listitem\">\n\t\t\t\t\t<a class=\"elementor-icon elementor-social-icon elementor-social-icon-instagram elementor-animation-float elementor-repeater-item-60a36da\" target=\"_blank\">\n\t\t\t\t\t\t<span class=\"elementor-screen-only\">Instagram<\/span>\n\t\t\t\t\t\t\t\t\t\t\t\t\t<i class=\"fa fa-instagram\" aria-hidden=\"true\"><\/i>\n\t\t\t\t\t\t\t\t\t\t\t<\/a>\n\t\t\t\t<\/span>\n\t\t\t\t\t\t\t<span class=\"elementor-grid-item\" role=\"listitem\">\n\t\t\t\t\t<a class=\"elementor-icon elementor-social-icon elementor-social-icon-pinterest elementor-animation-float elementor-repeater-item-0582f5a\" target=\"_blank\">\n\t\t\t\t\t\t<span class=\"elementor-screen-only\">Pinterest<\/span>\n\t\t\t\t\t\t\t\t\t\t\t\t\t<i class=\"fa fa-pinterest\" aria-hidden=\"true\"><\/i>\n\t\t\t\t\t\t\t\t\t\t\t<\/a>\n\t\t\t\t<\/span>\n\t\t\t\t\t\t\t<span class=\"elementor-grid-item\" role=\"listitem\">\n\t\t\t\t\t<a class=\"elementor-icon elementor-social-icon elementor-social-icon-youtube elementor-animation-float elementor-repeater-item-4736ddf\" target=\"_blank\">\n\t\t\t\t\t\t<span class=\"elementor-screen-only\">Youtube<\/span>\n\t\t\t\t\t\t\t\t\t\t\t\t\t<i class=\"fa fa-youtube\" aria-hidden=\"true\"><\/i>\n\t\t\t\t\t\t\t\t\t\t\t<\/a>\n\t\t\t\t<\/span>\n\t\t\t\t\t<\/div>\n\t\t\t\t\t\t<\/div>\n\t\t\t\t<\/div>\n\t\t\t\t\t<\/div>\n\t\t<\/div>\n\t\t\t\t\t<\/div>\n\t\t<\/section>\n\t\t\t\t<section class=\"elementor-section elementor-top-section elementor-element elementor-element-91ee179 elementor-section-boxed elementor-section-height-default elementor-section-height-default\" data-id=\"91ee179\" data-element_type=\"section\" data-e-type=\"section\">\n\t\t\t\t\t\t<div class=\"elementor-container elementor-column-gap-default\">\n\t\t\t\t\t<div class=\"elementor-column elementor-col-100 elementor-top-column elementor-element elementor-element-8eb8254\" data-id=\"8eb8254\" data-element_type=\"column\" data-e-type=\"column\">\n\t\t\t<div class=\"elementor-widget-wrap elementor-element-populated\">\n\t\t\t\t\t\t<div class=\"elementor-element elementor-element-fac4fea elementor-widget elementor-widget-heading\" data-id=\"fac4fea\" data-element_type=\"widget\" data-e-type=\"widget\" data-widget_type=\"heading.default\">\n\t\t\t\t<div class=\"elementor-widget-container\">\n\t\t\t\t\t<h2 class=\"elementor-heading-title elementor-size-default\">Entertainment<\/h2>\t\t\t\t<\/div>\n\t\t\t\t<\/div>\n\t\t\t\t\t<\/div>\n\t\t<\/div>\n\t\t\t\t\t<\/div>\n\t\t<\/section>\n\t\t\t\t<section class=\"elementor-section elementor-top-section elementor-element elementor-element-c9fb924 elementor-section-boxed elementor-section-height-default elementor-section-height-default\" data-id=\"c9fb924\" data-element_type=\"section\" data-e-type=\"section\">\n\t\t\t\t\t\t<div class=\"elementor-container elementor-column-gap-default\">\n\t\t\t\t\t<div class=\"elementor-column elementor-col-66 elementor-top-column elementor-element elementor-element-e6d81ad\" data-id=\"e6d81ad\" data-element_type=\"column\" data-e-type=\"column\">\n\t\t\t<div class=\"elementor-widget-wrap elementor-element-populated\">\n\t\t\t\t\t\t<div class=\"elementor-element elementor-element-4257e45 elementor-widget elementor-widget-heading\" data-id=\"4257e45\" data-element_type=\"widget\" data-e-type=\"widget\" data-widget_type=\"heading.default\">\n\t\t\t\t<div class=\"elementor-widget-container\">\n\t\t\t\t\t<h2 class=\"elementor-heading-title elementor-size-default\">Fashion<\/h2>\t\t\t\t<\/div>\n\t\t\t\t<\/div>\n\t\t\t\t\t<\/div>\n\t\t<\/div>\n\t\t\t\t<div class=\"elementor-column elementor-col-33 elementor-top-column elementor-element elementor-element-ced75a3\" data-id=\"ced75a3\" data-element_type=\"column\" data-e-type=\"column\">\n\t\t\t<div class=\"elementor-widget-wrap elementor-element-populated\">\n\t\t\t\t\t\t<div class=\"elementor-element elementor-element-552391e elementor-widget elementor-widget-heading\" data-id=\"552391e\" data-element_type=\"widget\" data-e-type=\"widget\" data-widget_type=\"heading.default\">\n\t\t\t\t<div class=\"elementor-widget-container\">\n\t\t\t\t\t<h2 class=\"elementor-heading-title elementor-size-default\">Travel<\/h2>\t\t\t\t<\/div>\n\t\t\t\t<\/div>\n\t\t\t\t\t<\/div>\n\t\t<\/div>\n\t\t\t\t\t<\/div>\n\t\t<\/section>\n\t\t\t\t<section class=\"elementor-section elementor-top-section elementor-element elementor-element-fe749a8 elementor-section-boxed elementor-section-height-default elementor-section-height-default\" data-id=\"fe749a8\" data-element_type=\"section\" data-e-type=\"section\">\n\t\t\t\t\t\t<div class=\"elementor-container elementor-column-gap-default\">\n\t\t\t\t\t<div class=\"elementor-column elementor-col-66 elementor-top-column elementor-element elementor-element-e3c65fb\" data-id=\"e3c65fb\" data-element_type=\"column\" data-e-type=\"column\">\n\t\t\t<div class=\"elementor-widget-wrap elementor-element-populated\">\n\t\t\t\t\t\t<div class=\"elementor-element elementor-element-1b997c6 elementor-widget elementor-widget-heading\" data-id=\"1b997c6\" data-element_type=\"widget\" data-e-type=\"widget\" data-widget_type=\"heading.default\">\n\t\t\t\t<div class=\"elementor-widget-container\">\n\t\t\t\t\t<h2 class=\"elementor-heading-title elementor-size-default\">Food &amp; Health<\/h2>\t\t\t\t<\/div>\n\t\t\t\t<\/div>\n\t\t\t\t\t<\/div>\n\t\t<\/div>\n\t\t\t\t<div class=\"elementor-column elementor-col-33 elementor-top-column elementor-element elementor-element-7e44b4b\" data-id=\"7e44b4b\" data-element_type=\"column\" data-e-type=\"column\">\n\t\t\t<div class=\"elementor-widget-wrap elementor-element-populated\">\n\t\t\t\t\t\t<div class=\"elementor-element elementor-element-68ae62d elementor-widget elementor-widget-heading\" data-id=\"68ae62d\" data-element_type=\"widget\" data-e-type=\"widget\" data-widget_type=\"heading.default\">\n\t\t\t\t<div class=\"elementor-widget-container\">\n\t\t\t\t\t<h6 class=\"elementor-heading-title elementor-size-small\">- Advertisement ( 300*250 ) -<\/h6>\t\t\t\t<\/div>\n\t\t\t\t<\/div>\n\t\t\t\t<div class=\"elementor-element elementor-element-14acd83 elementor-widget elementor-widget-heading\" data-id=\"14acd83\" data-element_type=\"widget\" data-e-type=\"widget\" data-widget_type=\"heading.default\">\n\t\t\t\t<div class=\"elementor-widget-container\">\n\t\t\t\t\t<h2 class=\"elementor-heading-title elementor-size-default\">Recommended<\/h2>\t\t\t\t<\/div>\n\t\t\t\t<\/div>\n\t\t\t\t\t<\/div>\n\t\t<\/div>\n\t\t\t\t\t<\/div>\n\t\t<\/section>\n\t\t\t\t<\/div>\n\t\t","protected":false},"excerpt":{"rendered":"<p>News&nbsp;World&nbsp; The Best Photographs of Barack Obama\u2019s Presidency \u2013 In Pictures News&nbsp;World&nbsp; The Best Photographs of Barack Obama\u2019s Presidency \u2013 In Pictures Technology&nbsp; Canon EOS 700D Launched With 18-megapixel Image &#8230;<\/p>\n","protected":false},"author":1,"featured_media":0,"parent":0,"menu_order":0,"comment_status":"closed","ping_status":"closed","template":"page-templates\/page-builder.php","meta":{"footnotes":""},"class_list":["post-10","page","type-page","status-publish","hentry"],"yoast_head":"<!-- This site is optimized with the Yoast SEO plugin v27.4 - https:\/\/yoast.com\/product\/yoast-seo-wordpress\/ -->\n<title>Home - ZPU JO\u0143CA Rury Preizolowane Mi\u0119dzyrzecz<\/title>\n<meta name=\"robots\" content=\"index, follow, max-snippet:-1, max-image-preview:large, max-video-preview:-1\" \/>\n<link rel=\"canonical\" href=\"https:\/\/zpu.pl\/index.php\/home-2\/\" \/>\n<meta property=\"og:locale\" content=\"pl_PL\" \/>\n<meta property=\"og:type\" content=\"article\" \/>\n<meta property=\"og:title\" content=\"Home - ZPU JO\u0143CA Rury Preizolowane Mi\u0119dzyrzecz\" \/>\n<meta property=\"og:description\" content=\"News&nbsp;World&nbsp; The Best Photographs of Barack Obama\u2019s Presidency \u2013 In Pictures News&nbsp;World&nbsp; The Best Photographs of Barack Obama\u2019s Presidency \u2013 In Pictures Technology&nbsp; Canon EOS 700D Launched With 18-megapixel Image ...\" \/>\n<meta property=\"og:url\" content=\"https:\/\/zpu.pl\/index.php\/home-2\/\" \/>\n<meta property=\"og:site_name\" content=\"ZPU JO\u0143CA Rury Preizolowane Mi\u0119dzyrzecz\" \/>\n<meta property=\"og:image\" content=\"https:\/\/zpu.pl\/wp-content\/uploads\/2017\/12\/barak-obama-600x417.jpg\" \/>\n<meta name=\"twitter:card\" content=\"summary_large_image\" \/>\n<meta name=\"twitter:label1\" content=\"Szacowany czas czytania\" \/>\n\t<meta name=\"twitter:data1\" content=\"4 minuty\" \/>\n<script type=\"application\/ld+json\" class=\"yoast-schema-graph\">{\"@context\":\"https:\\\/\\\/schema.org\",\"@graph\":[{\"@type\":\"WebPage\",\"@id\":\"https:\\\/\\\/zpu.pl\\\/index.php\\\/home-2\\\/\",\"url\":\"https:\\\/\\\/zpu.pl\\\/index.php\\\/home-2\\\/\",\"name\":\"Home - ZPU JO\u0143CA Rury Preizolowane Mi\u0119dzyrzecz\",\"isPartOf\":{\"@id\":\"https:\\\/\\\/zpu.pl\\\/#website\"},\"primaryImageOfPage\":{\"@id\":\"https:\\\/\\\/zpu.pl\\\/index.php\\\/home-2\\\/#primaryimage\"},\"image\":{\"@id\":\"https:\\\/\\\/zpu.pl\\\/index.php\\\/home-2\\\/#primaryimage\"},\"thumbnailUrl\":\"https:\\\/\\\/zpu.pl\\\/wp-content\\\/uploads\\\/2017\\\/12\\\/barak-obama-600x417.jpg\",\"datePublished\":\"2017-12-18T06:13:02+00:00\",\"breadcrumb\":{\"@id\":\"https:\\\/\\\/zpu.pl\\\/index.php\\\/home-2\\\/#breadcrumb\"},\"inLanguage\":\"pl-PL\",\"potentialAction\":[{\"@type\":\"ReadAction\",\"target\":[\"https:\\\/\\\/zpu.pl\\\/index.php\\\/home-2\\\/\"]}]},{\"@type\":\"ImageObject\",\"inLanguage\":\"pl-PL\",\"@id\":\"https:\\\/\\\/zpu.pl\\\/index.php\\\/home-2\\\/#primaryimage\",\"url\":\"https:\\\/\\\/zpu.pl\\\/wp-content\\\/uploads\\\/2017\\\/12\\\/barak-obama.jpg\",\"contentUrl\":\"https:\\\/\\\/zpu.pl\\\/wp-content\\\/uploads\\\/2017\\\/12\\\/barak-obama.jpg\",\"width\":800,\"height\":450},{\"@type\":\"BreadcrumbList\",\"@id\":\"https:\\\/\\\/zpu.pl\\\/index.php\\\/home-2\\\/#breadcrumb\",\"itemListElement\":[{\"@type\":\"ListItem\",\"position\":1,\"name\":\"Strona g\u0142\u00f3wna\",\"item\":\"https:\\\/\\\/zpu.pl\\\/\"},{\"@type\":\"ListItem\",\"position\":2,\"name\":\"Home\"}]},{\"@type\":\"WebSite\",\"@id\":\"https:\\\/\\\/zpu.pl\\\/#website\",\"url\":\"https:\\\/\\\/zpu.pl\\\/\",\"name\":\"ZPU JO\u0143CA Rury Preizolowane Mi\u0119dzyrzecz\",\"description\":\"Rury preizolowane Ciep\u0142o bez strat\",\"publisher\":{\"@id\":\"https:\\\/\\\/zpu.pl\\\/#organization\"},\"potentialAction\":[{\"@type\":\"SearchAction\",\"target\":{\"@type\":\"EntryPoint\",\"urlTemplate\":\"https:\\\/\\\/zpu.pl\\\/?s={search_term_string}\"},\"query-input\":{\"@type\":\"PropertyValueSpecification\",\"valueRequired\":true,\"valueName\":\"search_term_string\"}}],\"inLanguage\":\"pl-PL\"},{\"@type\":\"Organization\",\"@id\":\"https:\\\/\\\/zpu.pl\\\/#organization\",\"name\":\"ZPU JO\u0143CA Rury Preizolowane Mi\u0119dzyrzecz\",\"url\":\"https:\\\/\\\/zpu.pl\\\/\",\"logo\":{\"@type\":\"ImageObject\",\"inLanguage\":\"pl-PL\",\"@id\":\"https:\\\/\\\/zpu.pl\\\/#\\\/schema\\\/logo\\\/image\\\/\",\"url\":\"https:\\\/\\\/zpu.pl\\\/wp-content\\\/uploads\\\/2022\\\/12\\\/cropped-logo_site-e1670509441137.png\",\"contentUrl\":\"https:\\\/\\\/zpu.pl\\\/wp-content\\\/uploads\\\/2022\\\/12\\\/cropped-logo_site-e1670509441137.png\",\"width\":226,\"height\":36,\"caption\":\"ZPU JO\u0143CA Rury Preizolowane Mi\u0119dzyrzecz\"},\"image\":{\"@id\":\"https:\\\/\\\/zpu.pl\\\/#\\\/schema\\\/logo\\\/image\\\/\"}}]}<\/script>\n<!-- \/ Yoast SEO plugin. -->","yoast_head_json":{"title":"Home - ZPU JO\u0143CA Rury Preizolowane Mi\u0119dzyrzecz","robots":{"index":"index","follow":"follow","max-snippet":"max-snippet:-1","max-image-preview":"max-image-preview:large","max-video-preview":"max-video-preview:-1"},"canonical":"https:\/\/zpu.pl\/index.php\/home-2\/","og_locale":"pl_PL","og_type":"article","og_title":"Home - ZPU JO\u0143CA Rury Preizolowane Mi\u0119dzyrzecz","og_description":"News&nbsp;World&nbsp; The Best Photographs of Barack Obama\u2019s Presidency \u2013 In Pictures News&nbsp;World&nbsp; The Best Photographs of Barack Obama\u2019s Presidency \u2013 In Pictures Technology&nbsp; Canon EOS 700D Launched With 18-megapixel Image ...","og_url":"https:\/\/zpu.pl\/index.php\/home-2\/","og_site_name":"ZPU JO\u0143CA Rury Preizolowane Mi\u0119dzyrzecz","og_image":[{"url":"https:\/\/zpu.pl\/wp-content\/uploads\/2017\/12\/barak-obama-600x417.jpg","type":"","width":"","height":""}],"twitter_card":"summary_large_image","twitter_misc":{"Szacowany czas czytania":"4 minuty"},"schema":{"@context":"https:\/\/schema.org","@graph":[{"@type":"WebPage","@id":"https:\/\/zpu.pl\/index.php\/home-2\/","url":"https:\/\/zpu.pl\/index.php\/home-2\/","name":"Home - ZPU JO\u0143CA Rury Preizolowane Mi\u0119dzyrzecz","isPartOf":{"@id":"https:\/\/zpu.pl\/#website"},"primaryImageOfPage":{"@id":"https:\/\/zpu.pl\/index.php\/home-2\/#primaryimage"},"image":{"@id":"https:\/\/zpu.pl\/index.php\/home-2\/#primaryimage"},"thumbnailUrl":"https:\/\/zpu.pl\/wp-content\/uploads\/2017\/12\/barak-obama-600x417.jpg","datePublished":"2017-12-18T06:13:02+00:00","breadcrumb":{"@id":"https:\/\/zpu.pl\/index.php\/home-2\/#breadcrumb"},"inLanguage":"pl-PL","potentialAction":[{"@type":"ReadAction","target":["https:\/\/zpu.pl\/index.php\/home-2\/"]}]},{"@type":"ImageObject","inLanguage":"pl-PL","@id":"https:\/\/zpu.pl\/index.php\/home-2\/#primaryimage","url":"https:\/\/zpu.pl\/wp-content\/uploads\/2017\/12\/barak-obama.jpg","contentUrl":"https:\/\/zpu.pl\/wp-content\/uploads\/2017\/12\/barak-obama.jpg","width":800,"height":450},{"@type":"BreadcrumbList","@id":"https:\/\/zpu.pl\/index.php\/home-2\/#breadcrumb","itemListElement":[{"@type":"ListItem","position":1,"name":"Strona g\u0142\u00f3wna","item":"https:\/\/zpu.pl\/"},{"@type":"ListItem","position":2,"name":"Home"}]},{"@type":"WebSite","@id":"https:\/\/zpu.pl\/#website","url":"https:\/\/zpu.pl\/","name":"ZPU JO\u0143CA Rury Preizolowane Mi\u0119dzyrzecz","description":"Rury preizolowane Ciep\u0142o bez strat","publisher":{"@id":"https:\/\/zpu.pl\/#organization"},"potentialAction":[{"@type":"SearchAction","target":{"@type":"EntryPoint","urlTemplate":"https:\/\/zpu.pl\/?s={search_term_string}"},"query-input":{"@type":"PropertyValueSpecification","valueRequired":true,"valueName":"search_term_string"}}],"inLanguage":"pl-PL"},{"@type":"Organization","@id":"https:\/\/zpu.pl\/#organization","name":"ZPU JO\u0143CA Rury Preizolowane Mi\u0119dzyrzecz","url":"https:\/\/zpu.pl\/","logo":{"@type":"ImageObject","inLanguage":"pl-PL","@id":"https:\/\/zpu.pl\/#\/schema\/logo\/image\/","url":"https:\/\/zpu.pl\/wp-content\/uploads\/2022\/12\/cropped-logo_site-e1670509441137.png","contentUrl":"https:\/\/zpu.pl\/wp-content\/uploads\/2022\/12\/cropped-logo_site-e1670509441137.png","width":226,"height":36,"caption":"ZPU JO\u0143CA Rury Preizolowane Mi\u0119dzyrzecz"},"image":{"@id":"https:\/\/zpu.pl\/#\/schema\/logo\/image\/"}}]}},"_links":{"self":[{"href":"https:\/\/zpu.pl\/index.php\/wp-json\/wp\/v2\/pages\/10","targetHints":{"allow":["GET"]}}],"collection":[{"href":"https:\/\/zpu.pl\/index.php\/wp-json\/wp\/v2\/pages"}],"about":[{"href":"https:\/\/zpu.pl\/index.php\/wp-json\/wp\/v2\/types\/page"}],"author":[{"embeddable":true,"href":"https:\/\/zpu.pl\/index.php\/wp-json\/wp\/v2\/users\/1"}],"replies":[{"embeddable":true,"href":"https:\/\/zpu.pl\/index.php\/wp-json\/wp\/v2\/comments?post=10"}],"version-history":[{"count":0,"href":"https:\/\/zpu.pl\/index.php\/wp-json\/wp\/v2\/pages\/10\/revisions"}],"wp:attachment":[{"href":"https:\/\/zpu.pl\/index.php\/wp-json\/wp\/v2\/media?parent=10"}],"curies":[{"name":"wp","href":"https:\/\/api.w.org\/{rel}","templated":true}]}}